{"id":1130,"date":"2023-04-28T09:34:12","date_gmt":"2023-04-28T12:34:12","guid":{"rendered":"https:\/\/sinditestrs.org.br\/site\/?page_id=1130"},"modified":"2026-03-01T09:37:35","modified_gmt":"2026-03-01T12:37:35","slug":"associe-se","status":"publish","type":"page","link":"https:\/\/sinditestrs.org.br\/site\/associe-se\/","title":{"rendered":"Para fazer cadastro no Sindicato \u00c9 GRATUITO e para associar-se \u00c9 R$ 10 POR M\u00caS. \u00c9 s\u00f3 preencher os dados abaixo."},"content":{"rendered":"\n<div class=\"dados_\">\n   \n   <div class=\"title_\"><a name=\"error1\" id=\"error1\"><\/a><\/div>\n<form name=\"associarCad\" action=\"https:\/\/sinditestrs.org.br\/site\/cadastrar.php\" method=\"post\" id=\"associar-cad\" enctype=\"multipart\/form-data\">\n\t<fieldset>\n    \t<table border=\"0\" width=\"100%\">\n        \t<tr>\n                <td colspan=\"4\" align=\"center\"><div id=\"erro_pessoal\"><\/div><\/td>\n            <\/tr>\n        \t<tr>\n            \t<td align=\"right\" width=\"25%\">Nome<\/td>\n                <td colspan=\"3\"><input type=\"text\" size=\"33\" name=\"nome\" \/><\/td>\n            <\/tr>\n            <tr>\n            \t<td align=\"right\">Identidade<\/td>\n                <td colspan=\"3\"><input type=\"text\" size=\"33\" name=\"rg\" maxlength=\"10\" \/><\/td>\n            <\/tr>\n            <tr>\n            \t<td align=\"right\">CPF<\/td>\n                <td colspan=\"3\"><input type=\"text\" size=\"33\" name=\"cpf\" maxlength=\"14\" onkeyup=\"FormataCpf(this,event)\" \/><\/td>\n            <\/tr>\n            <tr>\n            \t<td align=\"right\">Data de Nascimento<\/td>\n                <td colspan=\"3\"><input type=\"text\" size=\"33\" name=\"bDay\" maxlength=\"10\" onKeyPress=\"Data(event, this)\"\/><\/td>\n            <\/tr>\n            <tr>\n            \t<td align=\"right\">N\u00ba Registro Profissional<\/td>\n                <td colspan=\"3\"><input type=\"text\" size=\"33\" name=\"regProf\" \/><\/td>\n            <\/tr>\n            <tr>\n            \t<td align=\"right\">E-mail<\/td>\n                <td colspan=\"3\"><input type=\"text\" size=\"33\" name=\"email\" \/><\/td>\n            <\/tr>\n\t\t\t<tr>\n            \t<td align=\"right\">Telefone:<\/td>\n                <td colspan=\"3\">\n                <input type=\"text\" size=\"33\" name=\"telefone\" style=\"width:119px;\" maxlength=\"20\" \/>\n                &nbsp;&nbsp;\n\t\t\t\n\t\t\t\t<\/td>\n            <\/tr>\n<tr>\n            \t<td align=\"right\">Celular<\/td>\n                <td colspan=\"3\"><input type=\"text\" size=\"33\" name=\"celular\" maxlength=\"20\" style=\"width:119px;\" \/><\/td>\n            <\/tr>\n            <tr>\n            \t<td align=\"right\">Endere\u00e7o (Rua, Av.)<\/td>\n                <td colspan=\"3\"><input type=\"text\" size=\"33\" name=\"endereco\" \/><\/td>\n            <\/tr>\n            <tr>\n            \t<td align=\"right\">N\u00famero<\/td>\n                <td colspan=\"3\"><input type=\"text\" size=\"10\" name=\"numero\" \/><\/td>\n            <\/tr>\n            <tr>\n            \t<td align=\"right\">Complemento<\/td>\n                <td colspan=\"3\"><input type=\"text\" size=\"20\" name=\"complemento\" \/><\/td>\n            <\/tr>\n            <tr>\n            \t<td align=\"right\">Estado<\/td>\n                <td colspan=\"3\">\n             <select name=\"estado\" id=\"estado\">\n                <option selected=\"selected\">UF&nbsp;<\/option>\n                <option value=\"AC\">AC&nbsp;<\/option>\n                <option value=\"AL\">AL&nbsp;<\/option>\n                <option value=\"AP\">AP&nbsp;<\/option>\n                <option value=\"AM\">AM&nbsp;<\/option>\n                <option value=\"BA\">BA&nbsp;<\/option>\n                <option value=\"CE\">CE&nbsp;<\/option>\n                <option value=\"DF\">DF&nbsp;<\/option>\n                <option value=\"ES\">ES&nbsp;<\/option>\n                <option value=\"GO\">GO&nbsp;<\/option>\n                <option value=\"MA\">MA&nbsp;<\/option>\n                <option value=\"MT\">MT&nbsp;<\/option>\n                <option value=\"MS\">MS&nbsp;<\/option>\n                <option value=\"MG\">MG&nbsp;<\/option>\n                <option value=\"PA\">PA&nbsp;<\/option>\n                <option value=\"PB\">PB&nbsp;<\/option>\n                <option value=\"PR\">PR&nbsp;<\/option>\n                <option value=\"PE\">PE&nbsp;<\/option>\n                <option value=\"PI\">PI&nbsp;<\/option>\n                <option value=\"RJ\">RJ&nbsp;<\/option>\n                <option value=\"RN\">RN&nbsp;<\/option>\n                <option value=\"RO\">RO&nbsp;<\/option>\n                <option value=\"RR\">RR&nbsp;<\/option>\n                <option value=\"RS\">RS&nbsp;<\/option>\n                <option value=\"SC\">SC&nbsp;<\/option>\n                <option value=\"SP\">SP&nbsp;<\/option>\n                <option value=\"SE\">SE&nbsp;<\/option>\n                <option value=\"TO\">TO&nbsp;<\/option>                \n            <\/select>\n             &nbsp;&nbsp;\n           \n            <\/td>\n                <\/td>\n            <\/tr>\n            <tr>\n            \t<td align=\"right\">CEP<\/td>\n                <td colspan=\"3\"><input type=\"text\" size=\"10\" name=\"cep\" maxlength=\"9\" \/>\n                <\/td>\n            <\/tr>\n            <tr>\n            \t<td align=\"right\">Cidade<\/td>\n                <td colspan=\"3\"><input type=\"text\" size=\"33\" name=\"cidade\"  \/>\n                <\/td>\n            <\/tr>\n\n        <\/table>\n    <\/fieldset>\n\t<\/div><!--dados_pessoais-->   \n   \n   <div class=\"dados_\">\n   <div class=\"title_\"><a name=\"error2\" id=\"error2\"><\/a>Dados da empresa (Opcional)<\/div>\n   \t<fieldset>\n    <table border=\"0\" width=\"100%\">\n    \t\t<tr>\n                <td colspan=\"4\" align=\"center\"><div id=\"erro_empresa\"><\/div><\/td>\n            <\/tr>\n        \t<tr>\n            \t<td align=\"right\" width=\"25%\">Nome Empresa<\/td>\n                <td colspan=\"3\"><input type=\"text\" size=\"33\" name=\"emp_nome\" \/><\/td>\n            <\/tr>\n            <tr>\n            \t<td align=\"right\">CNPJ<\/td>\n                <td colspan=\"3\"><input type=\"text\" size=\"33\" name=\"emp_cnpj\" id=\"emp_cnpj\" maxlength=\"18\" \/><\/td>\n            <\/tr>\n            <tr>\n            \t<td align=\"right\">Tipo de empresa<\/td>\n                <td style=\"padding:5px 0;\" colspan=\"3\">\n                <input type=\"radio\" name=\"emp_tipo\" value=\"matriz\" checked=\"checked\" \/> Matriz\n                &nbsp;\n                <input type=\"radio\" name=\"emp_tipo\" value=\"filial\" \/> Filial\n                <\/td>\n            <\/tr>\n\t\t\t\n            <tr>\n            \t<td align=\"right\">Estado<\/td>\n                <td colspan=\"3\">\n             <select name=\"emp_estado\" id=\"emp_estado\">\n                <option selected=\"selected\">UF&nbsp;<\/option>\n                <option value=\"AC\">AC&nbsp;<\/option>\n                <option value=\"AL\">AL&nbsp;<\/option>\n                <option value=\"AP\">AP&nbsp;<\/option>\n                <option value=\"AM\">AM&nbsp;<\/option>\n                <option value=\"BA\">BA&nbsp;<\/option>\n                <option value=\"CE\">CE&nbsp;<\/option>\n                <option value=\"DF\">DF&nbsp;<\/option>\n                <option value=\"ES\">ES&nbsp;<\/option>\n                <option value=\"GO\">GO&nbsp;<\/option>\n                <option value=\"MA\">MA&nbsp;<\/option>\n                <option value=\"MT\">MT&nbsp;<\/option>\n                <option value=\"MS\">MS&nbsp;<\/option>\n                <option value=\"MG\">MG&nbsp;<\/option>\n                <option value=\"PA\">PA&nbsp;<\/option>\n                <option value=\"PB\">PB&nbsp;<\/option>\n                <option value=\"PR\">PR&nbsp;<\/option>\n                <option value=\"PE\">PE&nbsp;<\/option>\n                <option value=\"PI\">PI&nbsp;<\/option>\n                <option value=\"RJ\">RJ&nbsp;<\/option>\n                <option value=\"RN\">RN&nbsp;<\/option>\n                <option value=\"RO\">RO&nbsp;<\/option>\n                <option value=\"RR\">RR&nbsp;<\/option>\n                <option value=\"RS\">RS&nbsp;<\/option>\n                <option value=\"SC\">SC&nbsp;<\/option>\n                <option value=\"SP\">SP&nbsp;<\/option>\n                <option value=\"SE\">SE&nbsp;<\/option>\n                <option value=\"TO\">TO&nbsp;<\/option>                \n            <\/select>\n                <\/td>\n\n            <\/tr>\n            <tr>\n            \t<td align=\"right\">Cidade<\/td>\n                <td colspan=\"3\"><input type=\"text\" size=\"33\" name=\"emp_cidade\"  \/>\n                <\/td>\n            <\/tr>\n\n        <\/table>\n    <\/fieldset>\n   <\/div><!--dados_pessoais--> \n\n<div class=\"tipo\"> <!-- tipo-cadastro --> \n   <div class=\"title_\"><br \/>\n    <table border=\"0\" width=\"100%\">\n    \n    <tr><td><\/td><\/tr>\n            <tr>\n                <td style=\"padding:5px 0;\" colspan=\"3\">\n              \n                <label><input type=\"radio\" name=\"tipo\" value=\"cadastro\" onclick=\"document.getElementById( 'pagamento' ).style.display = 'none';\"\/> Quero somente fazer cadastro.<\/label>\n                <br \/>\n                <label><input type=\"radio\" name=\"tipo\" value=\"associado\" onclick=\"document.getElementById( 'pagamento' ).style.display = 'block';\" \/> Quero me associar.<\/label>\n<br \/><br \/>\n               \n                <\/td>\n            <\/tr>\n                    <\/table>\n   <\/fieldset>\n   <\/div><!--tipo cadastro--> \n\n\n   \n    <div id=\"pagamento\" class=\"dados_\" style=\"display: none;\">\n   <div class=\"title_\"><a name=\"error3\" id=\"error3\"><\/a><b>Obrigado por associar-se no SINDITESTRS!<\/b> <\/div>\n  \t<fieldset>\n    <table border=\"0\" width=\"100%\">\n    <tr>\n    <td colspan=\"2\" align=\"center\"><div id=\"erro_associar\"><\/div><\/td>\n    <\/tr>\n    <tr><td><strong>Como deseja pagar?<\/strong><\/td><\/tr>\n            <tr>\n                <td style=\"padding:5px 0;\" colspan=\"3\">\n              \n                <input type=\"radio\" name=\"pgmto\" value=\"Boleto de um semestre\" \/> Um semestre (R$ 60,00). Enviar boleto com vencimento dia <span style=\"color:#FF2F2F;\">10 do pr\u00f3ximo m\u00eas<\/span> por <strong>e-mail<\/strong>. \n                <br \/>\n                <input type=\"radio\" name=\"pgmto\" value=\"Boleto de um semestre\" \/> Uma anuidade (R$ 120,00). Enviar boleto com vencimento dia <span style=\"color:#FF2F2F;\">10 do pr\u00f3ximo m\u00eas<\/span> por <strong>e-mail<\/strong>.\n<br \/>\n                <input type=\"radio\" name=\"pgmto\" value=\"PIX\" \/> Vou fazer PIX (R$ 60,00 ou R$ 120,00) para a chave CNPJ 92.758.267\/0001-60.\n                <\/td>\n            <\/tr>\n <tr>\n    <td colspan=\"2\" align=\"center\">Foto para carteirinha: <input type=\"file\"\n       id=\"arquivo\" name=\"arquivo\"\n       accept=\"image\/png, image\/jpeg\"><\/div><\/td>\n    <\/tr>\n                    <\/table>\n   <\/fieldset>\n           \n    \n\n   <\/div><!--dados_pessoais-->  \n  \n   \n   <input type=\"submit\" name=\"cad-assoc\" value=\"Enviar\" class=\"send\"  \/>\n    <input type=\"reset\" name=\"clean\" value=\"Limpar\" class=\"send\"  \/>\n\n<\/form>\n\n\n\n\n\n<p><strong><mark style=\"background-color:#f7fc00;color:#f50717\" class=\"has-inline-color\">VALORES, CASO QUEIRA ASSOCIAR-SE<\/mark><mark style=\"background-color:rgba(0, 0, 0, 0);color:#f60707\" class=\"has-inline-color\">:<\/mark><\/strong><\/p>\n\n\n\n<p><\/p>\n\n\n\n\n\n<ul>\n<li><span><mark style=\"font-weight: bold; background-color: rgba(0, 0, 0, 0); color: rgb(246, 6, 6);\" class=\"has-inline-color\">Um semestre:<\/mark><b> de MAR\u00c7O\/2026 a AGOSTO\/2026 (R$ 60,00)<\/b><\/span><\/li>\n\n\n\n<li><span><mark style=\"font-weight: bold; background-color: rgba(0, 0, 0, 0); color: rgb(247, 7, 7);\" class=\"has-inline-color\">Uma anuidade:<\/mark><b> de MAR\u00c7O\/2026 a FEVEREIRO\/202<\/b><\/span><strong>7<\/strong><strong> (R$ 120,00)<\/strong><\/li>\n\n\n\n<li>Para verificar a situa\u00e7\u00e3o de sua mensalidade associativa, EM UM COMPUTADOR\/NOTEBOOK<kbd><mark style=\"background-color:rgba(0, 0, 0, 0);color:#0913e9\" class=\"has-inline-color\"> <\/mark><a href=\"https:\/\/sinditestrs.gersin.com.br\/consulta\" target=\"_blank\" rel=\"noreferrer noopener\"><mark style=\"background-color:rgba(0, 0, 0, 0);color:#2307e3\" class=\"has-inline-color\"><strong>CLIQUE AQUI<\/strong><\/mark><\/a><\/kbd><mark style=\"background-color:rgba(0, 0, 0, 0);color:#2a07e3\" class=\"has-inline-color\"> <\/mark>e digite seu <strong>CPF<\/strong>. Na segunda coluna (per\u00edodo), aparecer\u00e1 at\u00e9 quando voc\u00ea est\u00e1 em dia (m\u00eas\/ano).<\/li>\n\n\n\n<li>Quero pagar com <strong>PIX programado<\/strong> ou <strong>Cart\u00e3o de Cr\u00e9dito<\/strong>, somente <strong>R$ 10,00 a cada m\u00eas<\/strong> <a href=\"https:\/\/sinditestrs.org.br\/site\/mensalidade-associatova-com-cartao-de-credito-ou-pix\/\"><strong><mark style=\"background-color:rgba(0, 0, 0, 0);color:#3207e3\" class=\"has-inline-color\">CLIQUE AQUI<\/mark><\/strong><\/a><\/li>\n<\/ul>\n\n\n\n<p class=\"has-text-align-left\">Pague agora SEMESTRE (60) ou ANUIDADE (120) com PIX chave CNPJ <strong>92.758.267\/0001-60<\/strong> ou, abra o APP do seu banco e scaneie o QR Code abaixo<\/p>\n\n\n\n<figure class=\"wp-block-image size-full is-resized\"><img loading=\"lazy\" decoding=\"async\" width=\"262\" height=\"266\" src=\"https:\/\/sinditestrs.org.br\/site\/wp-content\/uploads\/2024\/08\/QR-CODE-CONTA-SICREDI-2.jpg\" alt=\"\" class=\"wp-image-3582\" style=\"width:217px;height:auto\"\/><\/figure>\n\n\n\n<figure class=\"wp-block-table\"><table><tbody><tr><td class=\"has-text-align-center\" data-align=\"center\"><strong><mark style=\"background-color:rgba(0, 0, 0, 0);color:#f60707\" class=\"has-inline-color\">Ou ainda, copie e cole a chave  abaixo<\/mark><\/strong><\/td><\/tr><tr><td class=\"has-text-align-center\" data-align=\"center\"><strong>00020101021126360014br.gov.bcb.pix0114927582670001605204000053039865802BR5925Sindicato Dos Tecnicos De6008BRASILIA62070503***63047784<\/strong><\/td><\/tr><\/tbody><\/table><\/figure>\n\n\n\n<p><strong><mark style=\"background-color:#f7fc00;color:#f50717\" class=\"has-inline-color\">VOC\u00ca TAMB\u00c9M PODE ASSOCIE-SE COM DESCONTO EM FOLHA <\/mark><\/strong><br>Para associar-se com desconto em folha, <a href=\"https:\/\/sinditestrs.org.br\/site\/wp-content\/uploads\/2023\/09\/FICHA-SOCIO-FOLHA.pdf\" target=\"_blank\" rel=\"noreferrer noopener\"><strong><mark style=\"background-color:rgba(0, 0, 0, 0);color:#1407e3\" class=\"has-inline-color\">CLIQUE AQUI<\/mark><\/strong><\/a> e baixe o arquivo, preencha, assine e encaminhe scaneado (PDF) para o e-mail sinditestrs@sinditestrs.org.br ou WhatsApp (51) 9962-99230 informando tamb\u00e9m o nome do respons\u00e1vel do RH e respectivo e-mail. <mark><strong><mark style=\"background-color:#ffffff;color:#f40505\" class=\"has-inline-color\">O Sindicato ent\u00e3o encaminhar\u00e1 Of\u00edcio para a empresa solicitando que a partir de ent\u00e3o seja descontado o valor da mensalidade que \u00e9 de R$ 10,00<\/mark><\/strong><\/mark>.<\/p>\n","protected":false},"excerpt":{"rendered":"<p>Nome Identidade CPF Data de Nascimento N\u00ba Registro Profissional E-mail Telefone: &nbsp;&nbsp; Celular Endere\u00e7o (Rua,<\/p>\n","protected":false},"author":1,"featured_media":0,"parent":0,"menu_order":0,"comment_status":"closed","ping_status":"closed","template":"","meta":{"footnotes":""},"_links":{"self":[{"href":"https:\/\/sinditestrs.org.br\/site\/wp-json\/wp\/v2\/pages\/1130"}],"collection":[{"href":"https:\/\/sinditestrs.org.br\/site\/wp-json\/wp\/v2\/pages"}],"about":[{"href":"https:\/\/sinditestrs.org.br\/site\/wp-json\/wp\/v2\/types\/page"}],"author":[{"embeddable":true,"href":"https:\/\/sinditestrs.org.br\/site\/wp-json\/wp\/v2\/users\/1"}],"replies":[{"embeddable":true,"href":"https:\/\/sinditestrs.org.br\/site\/wp-json\/wp\/v2\/comments?post=1130"}],"version-history":[{"count":98,"href":"https:\/\/sinditestrs.org.br\/site\/wp-json\/wp\/v2\/pages\/1130\/revisions"}],"predecessor-version":[{"id":5415,"href":"https:\/\/sinditestrs.org.br\/site\/wp-json\/wp\/v2\/pages\/1130\/revisions\/5415"}],"wp:attachment":[{"href":"https:\/\/sinditestrs.org.br\/site\/wp-json\/wp\/v2\/media?parent=1130"}],"curies":[{"name":"wp","href":"https:\/\/api.w.org\/{rel}","templated":true}]}}