{"id":1116,"date":"2023-04-28T09:31:29","date_gmt":"2023-04-28T12:31:29","guid":{"rendered":"https:\/\/sinditestrs.org.br\/site\/?page_id=1116"},"modified":"2023-05-27T16:21:10","modified_gmt":"2023-05-27T19:21:10","slug":"salario","status":"publish","type":"page","link":"https:\/\/sinditestrs.org.br\/site\/salario\/","title":{"rendered":"Contextualizando"},"content":{"rendered":"\n<h3 class=\"wp-block-heading\"><\/h3>\n\n\n\n<p><\/p>\n\n\n\n<p><strong><mark style=\"background-color:#f7fc00;color:#f60707\" class=\"has-inline-color\">CONTE\u00daDO EM CONSTRU\u00c7\u00c3O.<\/mark><\/strong><\/p>\n\n\n\n<p><strong><mark style=\"background-color:rgba(0, 0, 0, 0);color:#f70526\" class=\"has-inline-color\">\u00c9 o SINDITESTRS em a\u00e7\u00e3o<\/mark><\/strong><\/p>\n","protected":false},"excerpt":{"rendered":"<p>CONTE\u00daDO EM CONSTRU\u00c7\u00c3O. \u00c9 o SINDITESTRS em a\u00e7\u00e3o<\/p>\n","protected":false},"author":1,"featured_media":0,"parent":0,"menu_order":0,"comment_status":"closed","ping_status":"closed","template":"","meta":{"footnotes":""},"_links":{"self":[{"href":"https:\/\/sinditestrs.org.br\/site\/wp-json\/wp\/v2\/pages\/1116"}],"collection":[{"href":"https:\/\/sinditestrs.org.br\/site\/wp-json\/wp\/v2\/pages"}],"about":[{"href":"https:\/\/sinditestrs.org.br\/site\/wp-json\/wp\/v2\/types\/page"}],"author":[{"embeddable":true,"href":"https:\/\/sinditestrs.org.br\/site\/wp-json\/wp\/v2\/users\/1"}],"replies":[{"embeddable":true,"href":"https:\/\/sinditestrs.org.br\/site\/wp-json\/wp\/v2\/comments?post=1116"}],"version-history":[{"count":6,"href":"https:\/\/sinditestrs.org.br\/site\/wp-json\/wp\/v2\/pages\/1116\/revisions"}],"predecessor-version":[{"id":1607,"href":"https:\/\/sinditestrs.org.br\/site\/wp-json\/wp\/v2\/pages\/1116\/revisions\/1607"}],"wp:attachment":[{"href":"https:\/\/sinditestrs.org.br\/site\/wp-json\/wp\/v2\/media?parent=1116"}],"curies":[{"name":"wp","href":"https:\/\/api.w.org\/{rel}","templated":true}]}}