{"id":1107,"date":"2023-04-24T16:44:49","date_gmt":"2023-04-24T19:44:49","guid":{"rendered":"https:\/\/sinditestrs.org.br\/site\/?page_id=1107"},"modified":"2025-12-03T18:45:56","modified_gmt":"2025-12-03T21:45:56","slug":"diretoria","status":"publish","type":"page","link":"https:\/\/sinditestrs.org.br\/site\/diretoria\/","title":{"rendered":"Diretoria Gest\u00e3o 2024\/2027"},"content":{"rendered":"\n<p><strong><mark style=\"background-color:rgba(0, 0, 0, 0);color:#f50505\" class=\"has-inline-color\">COMUNICADO DE ELEI\u00c7\u00c3O DA DIRETORIA GEST\u00c3O 1\u00ba\/08\/2024 A 31\/07\/2027<\/mark><\/strong>.<\/p>\n\n\n\n<p>O Sindicato dos T\u00e9cnicos de Seguran\u00e7a do Trabalho do Estado do Rio Grande do Sul \u2013 <strong>SINDITESTRS<\/strong>, comunica a quem interessar possa que, conforme disposi\u00e7\u00f5es legais e estatut\u00e1rias atinentes, elegeu, no dia 10 de junho de 2024, os <strong>MEMBROS DA DIRETORIA<\/strong>, <strong>CONSELHO FISCAL<\/strong> e <strong>DELEGADOS JUNTO \u00c0 FEDERA\u00c7\u00c3O<\/strong> para o exerc\u00edcio 01\/08\/2024 a 31\/07\/2027, composta pelos seguintes nomes (ordem alfab\u00e9tica):<\/p>\n\n\n\n<p>ALEXANDRE SANTOS DA SILVEIRA<br>CARLOS ALBERTO DO NASCIMENTO<br>CHARLES IVAIR JONER<br>CRISTIANO RODRIGUES DA SILVA<br>DOUGLAS RODRIGUES<br>GISLAINE SOARES TREIB<br>JESUS NAZARENO DURGANT ALVES<br>LORENA JORDAO MUNR\u00d3<br>LUCIENE MORAES DA CUNHA<br>LUIS AUGUSTO BRUM PEREIRA<br>MARCO AURELIO NUNES DA ROCHA<br>MARI\u00c1 DOLORES DA ROCHA<br>MAURICIO NUNES MADEIRA<br>MICHELE GON\u00c7ALVES MARQUES<br>NILSON AIRTON LAUCKSEN &#8211; PRESIDENTE<br>PAULO CESAR TEIXEIRA MASCARANHAS<br>RICARDO IATES<\/p>\n\n\n\n<p>Porto Alegre\/RS, 10 de junho de 2024.<\/p>\n","protected":false},"excerpt":{"rendered":"<p>COMUNICADO DE ELEI\u00c7\u00c3O DA DIRETORIA GEST\u00c3O 1\u00ba\/08\/2024 A 31\/07\/2027. O Sindicato dos T\u00e9cnicos de Seguran\u00e7a<\/p>\n","protected":false},"author":1,"featured_media":0,"parent":0,"menu_order":0,"comment_status":"closed","ping_status":"closed","template":"","meta":{"footnotes":""},"_links":{"self":[{"href":"https:\/\/sinditestrs.org.br\/site\/wp-json\/wp\/v2\/pages\/1107"}],"collection":[{"href":"https:\/\/sinditestrs.org.br\/site\/wp-json\/wp\/v2\/pages"}],"about":[{"href":"https:\/\/sinditestrs.org.br\/site\/wp-json\/wp\/v2\/types\/page"}],"author":[{"embeddable":true,"href":"https:\/\/sinditestrs.org.br\/site\/wp-json\/wp\/v2\/users\/1"}],"replies":[{"embeddable":true,"href":"https:\/\/sinditestrs.org.br\/site\/wp-json\/wp\/v2\/comments?post=1107"}],"version-history":[{"count":6,"href":"https:\/\/sinditestrs.org.br\/site\/wp-json\/wp\/v2\/pages\/1107\/revisions"}],"predecessor-version":[{"id":5277,"href":"https:\/\/sinditestrs.org.br\/site\/wp-json\/wp\/v2\/pages\/1107\/revisions\/5277"}],"wp:attachment":[{"href":"https:\/\/sinditestrs.org.br\/site\/wp-json\/wp\/v2\/media?parent=1107"}],"curies":[{"name":"wp","href":"https:\/\/api.w.org\/{rel}","templated":true}]}}