{"id":1105,"date":"2023-04-24T16:44:37","date_gmt":"2023-04-24T19:44:37","guid":{"rendered":"https:\/\/sinditestrs.org.br\/site\/?page_id=1105"},"modified":"2024-06-06T14:41:22","modified_gmt":"2024-06-06T17:41:22","slug":"historico","status":"publish","type":"page","link":"https:\/\/sinditestrs.org.br\/site\/historico\/","title":{"rendered":"Hist\u00f3rico"},"content":{"rendered":"\n<p><strong>CARACTERIZA\u00c7\u00c3O DA ENTIDADE<\/strong> (<mark style=\"background-color:rgba(0, 0, 0, 0)\" class=\"has-inline-color has-vivid-green-cyan-color\"><strong>Conte\u00fado em edi\u00e7\u00e3o<\/strong><\/mark>)<\/p>\n\n\n\n<p>A entidade profissional surge inicialmente como APSSTRAB \u2013 Associa\u00e7\u00e3o Profissional dos Supervisores de Seguran\u00e7a do Trabalho do Estado do Rio Grande do Sul junto ao MTb em 30\/03\/1975, entretanto, somente em 10\/01\/1976 tem-se registro da forma\u00e7\u00e3o e posse da primeira diretoria com o deferimento pelo Delegado Regional do Trabalho.<\/p>\n\n\n\n<p>A partir desta data podemos estabelecer a seguinte linha do tempo:<\/p>\n\n\n\n<p><strong>APSSTRAB<\/strong>&nbsp;\u2013 Associa\u00e7\u00e3o Profissional dos Supervisores de Seguran\u00e7a do Trabalho do Estado do Rio Grande do Sul de 10\/01\/1976 a 13\/03\/1986;<\/p>\n\n\n\n<p>No movimento para reconhecimento da Associa\u00e7\u00e3o junto ao Mtb, encontramos os seguintes profissionais: Lauro Stoll; Raul Marques Fernandes; Dirceu Fortes da Silva; Francisco S. Fagundes; Luiz Iponema; Manoel Ricardo dos Passos; Jo\u00e3o Alberto Pimentel; e Jos\u00e9 Pereira M\u00fczell.<\/p>\n\n\n\n<p><strong>APROTEST<\/strong>&nbsp;\u2013 Associa\u00e7\u00e3o Profissional dos T\u00e9cnicos de Seguran\u00e7a do Trabalho do Estado do Rio Grande do Sul de 14\/03\/1986 a 05\/1990;<\/p>\n\n\n\n<p><strong>SINDITEST\/RS&nbsp;<\/strong>\u2013 Sindicato dos T\u00e9cnicos de Seguran\u00e7a do Trabalho do Estado do Rio Grande do Sul. A partir de 05\/1990 o Sindicato dos T\u00e9cnicos de Seguran\u00e7a do Trabalho do Estado do Rio Grande do Sul \u00e9 uma entidade sem fins lucrativos, localizada na rua Dom Jaime de Barros C\u00e2mara 104 na cidade de Porto Alegre\/RS. <\/p>\n\n\n\n<p>Configurado como uma entidade aut\u00f4noma, desvinculada do Estado, de institui\u00e7\u00f5es religiosas, partidos pol\u00edticos, com dura\u00e7\u00e3o por tempo indeterminado, constitu\u00eddo para fins de estudo, coordena\u00e7\u00e3o, orienta\u00e7\u00e3o, defesa e legal representa\u00e7\u00e3o da categoria junto \u00e0s autoridades legislativas, executivas, judici\u00e1rias, administrativas e entidades privadas, tendo como princ\u00edpio b\u00e1sico a liberdade e autonomia, preservando a unidade sindical e a solidariedade profissional, regendo-se pelo seu Estatuto.<\/p>\n\n\n\n<p>Segundo seu Estatuto, entre outras, s\u00e3o prerrogativas do Sindicato:<\/p>\n\n\n\n<p>\u2013 Defender e representar perante as autoridades administrativas, judici\u00e1rias e legislativas, os interesses individuais e coletivos da categoria profissional, inclusive como substituto processual ou representante;<br>\u2013 Estabelecer negocia\u00e7\u00f5es com a representa\u00e7\u00e3o da categoria econ\u00f4mica, visando \u00e0 obten\u00e7\u00e3o de melhorias para a categoria profissional, bem como celebrar conven\u00e7\u00f5es, acordos, contratos coletivos e instaurar diss\u00eddios coletivos;<br>\u2013 Estabelecer contribui\u00e7\u00f5es a todos os que participam da categoria representada, de acordo com as decis\u00f5es tomadas em assembleias;<br>\u2013 Propor a\u00e7\u00f5es que assegurem os direitos constitucionais e a defesa dos trabalhadores, a prote\u00e7\u00e3o do meio ambiente e do consumidor;<br>\u2013 Participar, na esfera de representa\u00e7\u00e3o do Estado, das comiss\u00f5es de discuss\u00e3o, estudo e solu\u00e7\u00e3o dos problemas que se relacionem com a categoria profissional que representa;<br>\u2013 Filiar-se \u00e0 federa\u00e7\u00e3o do grupo e a outras organiza\u00e7\u00f5es sindicais, inclusive de \u00e2mbito internacional, de interesse dos trabalhadores, mediante aprova\u00e7\u00e3o em assembleia, especificamente convocada para esse fim;<br>\u2013 Constituir servi\u00e7os para a promo\u00e7\u00e3o de atividades culturais, profissionais e de comunica\u00e7\u00e3o, bem como de assist\u00eancia econ\u00f4mica e social destinados aos associados, diretamente ou mediante conv\u00eanios com terceiros;<br>\u2013 Colaborar com \u00f3rg\u00e3os que exer\u00e7am atribui\u00e7\u00f5es do interesse dos trabalhadores em geral, como fiscaliza\u00e7\u00e3o das condi\u00e7\u00f5es de sa\u00fade, higiene, seguran\u00e7a do trabalho e \u00f3rg\u00e3os t\u00e9cnicos e consultivos no estudo e levantamento de dados s\u00f3cio-econ\u00f4micos de interesse da categoria;<br>\u2013 Manter rela\u00e7\u00e3o com as demais entidades sindicais e associativas visando a solidariedade e a defesa dos interesses dos trabalhadores;<br>\u2013 Tomar a iniciativa de regularizar situa\u00e7\u00f5es de descumprimento de direitos individuais e coletivos da categoria.<\/p>\n","protected":false},"excerpt":{"rendered":"<p>CARACTERIZA\u00c7\u00c3O DA ENTIDADE (Conte\u00fado em edi\u00e7\u00e3o) A entidade profissional surge inicialmente como APSSTRAB \u2013 Associa\u00e7\u00e3o<\/p>\n","protected":false},"author":1,"featured_media":0,"parent":0,"menu_order":0,"comment_status":"closed","ping_status":"closed","template":"","meta":{"footnotes":""},"_links":{"self":[{"href":"https:\/\/sinditestrs.org.br\/site\/wp-json\/wp\/v2\/pages\/1105"}],"collection":[{"href":"https:\/\/sinditestrs.org.br\/site\/wp-json\/wp\/v2\/pages"}],"about":[{"href":"https:\/\/sinditestrs.org.br\/site\/wp-json\/wp\/v2\/types\/page"}],"author":[{"embeddable":true,"href":"https:\/\/sinditestrs.org.br\/site\/wp-json\/wp\/v2\/users\/1"}],"replies":[{"embeddable":true,"href":"https:\/\/sinditestrs.org.br\/site\/wp-json\/wp\/v2\/comments?post=1105"}],"version-history":[{"count":3,"href":"https:\/\/sinditestrs.org.br\/site\/wp-json\/wp\/v2\/pages\/1105\/revisions"}],"predecessor-version":[{"id":2937,"href":"https:\/\/sinditestrs.org.br\/site\/wp-json\/wp\/v2\/pages\/1105\/revisions\/2937"}],"wp:attachment":[{"href":"https:\/\/sinditestrs.org.br\/site\/wp-json\/wp\/v2\/media?parent=1105"}],"curies":[{"name":"wp","href":"https:\/\/api.w.org\/{rel}","templated":true}]}}